{"id":10876,"date":"2026-04-14T15:34:36","date_gmt":"2026-04-14T15:34:36","guid":{"rendered":"https:\/\/veterinersitesi.webboll.com\/?page_id=10876"},"modified":"2026-04-14T15:37:29","modified_gmt":"2026-04-14T15:37:29","slug":"cip-sorgulama","status":"publish","type":"page","link":"https:\/\/veterinersitesi.webboll.com\/index.php\/cip-sorgulama\/","title":{"rendered":"\u00c7\u0130P SORGULAMA"},"content":{"rendered":"\t\t<div data-elementor-type=\"wp-page\" data-elementor-id=\"10876\" class=\"elementor elementor-10876\">\n\t\t\t\t<div class=\"elementor-element elementor-element-fde1ed4 e-flex e-con-boxed e-con e-parent\" data-id=\"fde1ed4\" data-element_type=\"container\" data-e-type=\"container\">\n\t\t\t\t\t<div class=\"e-con-inner\">\n\t\t\t\t<div class=\"elementor-element elementor-element-38327e8 elementor-widget elementor-widget-shortcode\" data-id=\"38327e8\" data-element_type=\"widget\" data-e-type=\"widget\" data-widget_type=\"shortcode.default\">\n\t\t\t\t\t\t\t<div class=\"elementor-shortcode\"><div class=\"vet-chip-lookup\">\n    <h2>\ud83c\udff7\ufe0f \u00c7ip Numaras\u0131 ile Hayvan Sorgula<\/h2>\n    <p>Hayvan\u0131n\u0131z\u0131n 15 haneli mikro\u00e7ip numaras\u0131n\u0131 girerek t\u00fcm kay\u0131t bilgilerine ula\u015fabilirsiniz.<\/p>\n\n    <form method=\"post\" class=\"vet-chip-form\">\n        <input type=\"hidden\" id=\"vet_chip_nonce\" name=\"vet_chip_nonce\" value=\"adb7e04fbd\" \/><input type=\"hidden\" name=\"_wp_http_referer\" value=\"\/index.php\/wp-json\/wp\/v2\/pages\/10876\" \/>        <div class=\"vet-chip-input-group\">\n            <input type=\"text\" name=\"chip_no\" class=\"vet-chip-input\"\n                value=\"\"\n                placeholder=\"\u00c7ip numaras\u0131n\u0131 girin...\"\n                required>\n            <button type=\"submit\" name=\"vet_chip_search\" value=\"1\" class=\"vet-chip-btn\">\ud83d\udd0d Sorgula<\/button>\n        <\/div>\n    <\/form>\n\n    \n    <\/div>\n<\/div>\n\t\t\t\t\t\t<\/div>\n\t\t\t\t\t<\/div>\n\t\t\t\t<\/div>\n\t\t\t\t<\/div>\n\t\t","protected":false},"excerpt":{"rendered":"","protected":false},"author":1,"featured_media":0,"parent":0,"menu_order":0,"comment_status":"closed","ping_status":"closed","template":"","meta":{"footnotes":""},"class_list":["post-10876","page","type-page","status-publish","hentry"],"_links":{"self":[{"href":"https:\/\/veterinersitesi.webboll.com\/index.php\/wp-json\/wp\/v2\/pages\/10876","targetHints":{"allow":["GET"]}}],"collection":[{"href":"https:\/\/veterinersitesi.webboll.com\/index.php\/wp-json\/wp\/v2\/pages"}],"about":[{"href":"https:\/\/veterinersitesi.webboll.com\/index.php\/wp-json\/wp\/v2\/types\/page"}],"author":[{"embeddable":true,"href":"https:\/\/veterinersitesi.webboll.com\/index.php\/wp-json\/wp\/v2\/users\/1"}],"replies":[{"embeddable":true,"href":"https:\/\/veterinersitesi.webboll.com\/index.php\/wp-json\/wp\/v2\/comments?post=10876"}],"version-history":[{"count":4,"href":"https:\/\/veterinersitesi.webboll.com\/index.php\/wp-json\/wp\/v2\/pages\/10876\/revisions"}],"predecessor-version":[{"id":10884,"href":"https:\/\/veterinersitesi.webboll.com\/index.php\/wp-json\/wp\/v2\/pages\/10876\/revisions\/10884"}],"wp:attachment":[{"href":"https:\/\/veterinersitesi.webboll.com\/index.php\/wp-json\/wp\/v2\/media?parent=10876"}],"curies":[{"name":"wp","href":"https:\/\/api.w.org\/{rel}","templated":true}]}}