{"id":10866,"date":"2026-04-14T15:32:55","date_gmt":"2026-04-14T15:32:55","guid":{"rendered":"https:\/\/veterinersitesi.webboll.com\/?page_id=10866"},"modified":"2026-04-14T15:33:23","modified_gmt":"2026-04-14T15:33:23","slug":"hayvan-sahibi","status":"publish","type":"page","link":"https:\/\/veterinersitesi.webboll.com\/index.php\/hayvan-sahibi\/","title":{"rendered":"HAYVAN SAH\u0130B\u0130"},"content":{"rendered":"\t\t<div data-elementor-type=\"wp-page\" data-elementor-id=\"10866\" class=\"elementor elementor-10866\">\n\t\t\t\t<div class=\"elementor-element elementor-element-903c639 e-flex e-con-boxed e-con e-parent\" data-id=\"903c639\" data-element_type=\"container\" data-e-type=\"container\">\n\t\t\t\t\t<div class=\"e-con-inner\">\n\t\t\t\t<div class=\"elementor-element elementor-element-3c0cc57 elementor-widget elementor-widget-shortcode\" data-id=\"3c0cc57\" data-element_type=\"widget\" data-e-type=\"widget\" data-widget_type=\"shortcode.default\">\n\t\t\t\t\t\t\t<div class=\"elementor-shortcode\"><div class=\"vet-portal-login-required\"><p>Bu sayfay\u0131 g\u00f6r\u00fcnt\u00fclemek i\u00e7in <a href=\"https:\/\/veterinersitesi.webboll.com\/wp-login.php?redirect_to=https%3A%2F%2Fveterinersitesi.webboll.com%2Findex.php%2Fhayvan-sahibi%2F\">giri\u015f yapman\u0131z<\/a> gerekmektedir.<\/p><\/div><\/div>\n\t\t\t\t\t\t<\/div>\n\t\t\t\t\t<\/div>\n\t\t\t\t<\/div>\n\t\t\t\t<\/div>\n\t\t","protected":false},"excerpt":{"rendered":"","protected":false},"author":1,"featured_media":0,"parent":0,"menu_order":0,"comment_status":"closed","ping_status":"closed","template":"","meta":{"footnotes":""},"class_list":["post-10866","page","type-page","status-publish","hentry"],"_links":{"self":[{"href":"https:\/\/veterinersitesi.webboll.com\/index.php\/wp-json\/wp\/v2\/pages\/10866","targetHints":{"allow":["GET"]}}],"collection":[{"href":"https:\/\/veterinersitesi.webboll.com\/index.php\/wp-json\/wp\/v2\/pages"}],"about":[{"href":"https:\/\/veterinersitesi.webboll.com\/index.php\/wp-json\/wp\/v2\/types\/page"}],"author":[{"embeddable":true,"href":"https:\/\/veterinersitesi.webboll.com\/index.php\/wp-json\/wp\/v2\/users\/1"}],"replies":[{"embeddable":true,"href":"https:\/\/veterinersitesi.webboll.com\/index.php\/wp-json\/wp\/v2\/comments?post=10866"}],"version-history":[{"count":4,"href":"https:\/\/veterinersitesi.webboll.com\/index.php\/wp-json\/wp\/v2\/pages\/10866\/revisions"}],"predecessor-version":[{"id":10870,"href":"https:\/\/veterinersitesi.webboll.com\/index.php\/wp-json\/wp\/v2\/pages\/10866\/revisions\/10870"}],"wp:attachment":[{"href":"https:\/\/veterinersitesi.webboll.com\/index.php\/wp-json\/wp\/v2\/media?parent=10866"}],"curies":[{"name":"wp","href":"https:\/\/api.w.org\/{rel}","templated":true}]}}